{"id":305,"date":"2025-12-09T12:37:51","date_gmt":"2025-12-09T11:37:51","guid":{"rendered":"http:\/\/wordpress2566477.home.pl\/autoinstalator\/wordpresswoocommerce\/?page_id=305"},"modified":"2026-03-31T10:00:59","modified_gmt":"2026-03-31T08:00:59","slug":"sesja","status":"publish","type":"page","link":"https:\/\/www.sylwiasliwka.pl\/index.php\/sesja\/","title":{"rendered":"Sesja Indywidualna"},"content":{"rendered":"\t\t<div data-elementor-type=\"wp-page\" data-elementor-id=\"305\" class=\"elementor elementor-305\" data-elementor-post-type=\"page\">\n\t\t\t\t<div class=\"elementor-element elementor-element-a263565 e-flex e-con-boxed magic-button-disabled-no e-con e-parent\" data-id=\"a263565\" data-element_type=\"container\" data-e-type=\"container\">\n\t\t\t\t\t<div class=\"e-con-inner\">\n\t\t<div class=\"elementor-element elementor-element-cde06cc e-con-full e-flex magic-button-disabled-no e-con e-child\" data-id=\"cde06cc\" data-element_type=\"container\" data-e-type=\"container\">\n\t\t\t\t<div class=\"elementor-element elementor-element-7cc7279 elementor-widget elementor-widget-heading\" data-id=\"7cc7279\" data-element_type=\"widget\" data-e-type=\"widget\" data-widget_type=\"heading.default\">\n\t\t\t\t\t<h2 class=\"elementor-heading-title elementor-size-default\">transpersonalna podr\u00f3\u017c do pe\u0142ni siebie\n<\/h2>\t\t\t\t<\/div>\n\t\t\t\t<div class=\"elementor-element elementor-element-d40c893 elementor-widget elementor-widget-text-editor\" data-id=\"d40c893\" data-element_type=\"widget\" data-e-type=\"widget\" data-widget_type=\"text-editor.default\">\n\t\t\t\t\t\t\t\t\t<p style=\"font-family: 'Cinzel', sans-serif;\"><strong data-start=\"245\" data-end=\"324\">G\u0142\u0119bokie uzdrawianie cia\u0142a, emocji, przekona\u0144, relacji,<br \/>genetyki i historii<\/strong><\/p><p data-start=\"326\" data-end=\"666\">Sesja <i>&#8211; m<\/i>oment, w kt\u00f3rym mo\u017cesz spotka\u0107 si\u0119 ze sob\u0105 na najg\u0142\u0119bszym poziomie i \u015bwiadomie przebudowa\u0107 te obszary \u017cycia, kt\u00f3re domagaj\u0105 si\u0119 uzdrowienia. Pracujemy holistycznie, \u0142\u0105cz\u0105c \u015bwiadomo\u015b\u0107, energi\u0119, emocje i pami\u0119\u0107 cia\u0142a, aby dotrze\u0107 do przyczyn blokad oraz otworzy\u0107 drog\u0119 do prawdziwej zmiany.<\/p><p data-start=\"436\" data-end=\"758\">To transformuj\u0105ca podr\u00f3\u017c w g\u0142\u0105b w\u0142asnej \u015bwiadomo\u015bci, podczas kt\u00f3rego odkrywamy nie tylko to, kim jeste\u015b teraz, lecz r\u00f3wnie\u017c to, co Ci\u0119 stworzy\u0142o: pami\u0119\u0107 cia\u0142a, dziedziczone wzorce, emocje, niewypowiedziane historie rodu oraz \u015blady dawnych do\u015bwiadcze\u0144 Twojej duszy.<\/p><p data-start=\"760\" data-end=\"1043\">To proces projektowania nowej jako\u015bci \u017cycia, tworz\u0105c nowy fundament- tworzymy bezpieczn\u0105, stabiln\u0105 i pi\u0119kn\u0105 rzeczywisto\u015b\u0107.<\/p><p data-start=\"1045\" data-end=\"1109\">To przestrze\u0144, w kt\u00f3rej mo\u017cesz naprawd\u0119 zobaczy\u0107 siebie na nowo.<\/p>\t\t\t\t\t\t\t\t<\/div>\n\t\t\t\t<\/div>\n\t\t<div class=\"elementor-element elementor-element-935d0ff e-con-full e-flex magic-button-disabled-no e-con e-child\" data-id=\"935d0ff\" data-element_type=\"container\" data-e-type=\"container\">\n\t\t\t\t<div class=\"elementor-element elementor-element-d088e59 elementor-widget elementor-widget-heading\" data-id=\"d088e59\" data-element_type=\"widget\" data-e-type=\"widget\" data-widget_type=\"heading.default\">\n\t\t\t\t\t<h2 class=\"elementor-heading-title elementor-size-default\">Dla kogo jest sesja?<\/h2>\t\t\t\t<\/div>\n\t\t\t\t<div class=\"elementor-element elementor-element-ffa0a29 elementor-widget elementor-widget-text-editor\" data-id=\"ffa0a29\" data-element_type=\"widget\" data-e-type=\"widget\" data-widget_type=\"text-editor.default\">\n\t\t\t\t\t\t\t\t\t<ul><li data-start=\"2011\" data-end=\"2245\">Dla os\u00f3b, kt\u00f3re czuj\u0105, \u017ce nadszed\u0142 czas na g\u0142\u0119bok\u0105 zmian\u0119.<\/li><li data-start=\"2011\" data-end=\"2245\">Dla tych, kt\u00f3rzy chc\u0105 zrozumie\u0107 swoje trudno\u015bci u \u017ar\u00f3d\u0142a, a nie tylko \u0142agodzi\u0107 objawy.<\/li><li data-start=\"2011\" data-end=\"2245\">Dla wszystkich, kt\u00f3rzy pragn\u0105 \u015bwiadomie kszta\u0142towa\u0107 w\u0142asne \u017cycie, relacje i energi\u0119.<\/li><\/ul>\t\t\t\t\t\t\t\t<\/div>\n\t\t\t\t<div class=\"elementor-element elementor-element-21777ce elementor-align-justify elementor-widget elementor-widget-button\" data-id=\"21777ce\" data-element_type=\"widget\" data-e-type=\"widget\" data-widget_type=\"button.default\">\n\t\t\t\t\t\t\t\t\t\t<a class=\"elementor-button elementor-button-link elementor-size-sm\" href=\"https:\/\/umawiaj.myclients.io\/site\/5887879ace926181?o=cHJvZmlsZV9wYWdl&#038;s=aHR0cHM6Ly91bWF3aWFqLm15Y2xpZW50cy5pby9zaXRlLzU4ODc4NzlhY2U5MjYxODE%3D\">\n\t\t\t\t\t\t<span class=\"elementor-button-content-wrapper\">\n\t\t\t\t\t\t\t\t\t<span class=\"elementor-button-text\">REZERWACJA<\/span>\n\t\t\t\t\t<\/span>\n\t\t\t\t\t<\/a>\n\t\t\t\t\t\t\t\t<\/div>\n\t\t\t\t<div class=\"elementor-element elementor-element-f3ab65a elementor-blockquote--skin-border elementor-widget elementor-widget-blockquote\" data-id=\"f3ab65a\" data-element_type=\"widget\" data-e-type=\"widget\" data-widget_type=\"blockquote.default\">\n\t\t\t\t\t\t\t<blockquote class=\"elementor-blockquote\">\n\t\t\t<p class=\"elementor-blockquote__content\">\n\t\t\t\t\u201eNajwi\u0119ksza zmiana rodzi si\u0119 tam, gdzie dajesz sobie prawo czu\u0107 to, co dot\u0105d by\u0142o zepchni\u0119te w cie\u0144.\u201d\t\t\t<\/p>\n\t\t\t\t\t\t\t<div class=\"e-q-footer\">\n\t\t\t\t\t\t\t\t\t\t\t<cite class=\"elementor-blockquote__author\">Sylwia \u015aliwka<\/cite>\n\t\t\t\t\t\t\t\t\t\t\t\t\t\t<\/div>\n\t\t\t\t\t<\/blockquote>\n\t\t\t\t\t\t<\/div>\n\t\t\t\t<\/div>\n\t\t\t\t\t<\/div>\n\t\t\t\t<\/div>\n\t\t<div class=\"elementor-element elementor-element-e76998e e-flex e-con-boxed magic-button-disabled-no e-con e-parent\" data-id=\"e76998e\" data-element_type=\"container\" data-e-type=\"container\">\n\t\t\t\t\t<div class=\"e-con-inner\">\n\t\t\t\t<div class=\"elementor-element elementor-element-6fbce25 elementor-widget-divider--view-line elementor-widget elementor-widget-divider\" data-id=\"6fbce25\" data-element_type=\"widget\" data-e-type=\"widget\" data-widget_type=\"divider.default\">\n\t\t\t\t\t\t\t<div class=\"elementor-divider\">\n\t\t\t<span class=\"elementor-divider-separator\">\n\t\t\t\t\t\t<\/span>\n\t\t<\/div>\n\t\t\t\t\t\t<\/div>\n\t\t\t\t\t<\/div>\n\t\t\t\t<\/div>\n\t\t<div class=\"elementor-element elementor-element-c8dcc9d e-flex e-con-boxed magic-button-disabled-no e-con e-parent\" data-id=\"c8dcc9d\" data-element_type=\"container\" data-e-type=\"container\">\n\t\t\t\t\t<div class=\"e-con-inner\">\n\t\t<div class=\"elementor-element elementor-element-5a6a7ec e-con-full e-flex magic-button-disabled-no e-con e-child\" data-id=\"5a6a7ec\" data-element_type=\"container\" data-e-type=\"container\">\n\t\t\t\t<div class=\"elementor-element elementor-element-4f30363 elementor-widget elementor-widget-text-editor\" data-id=\"4f30363\" data-element_type=\"widget\" data-e-type=\"widget\" data-widget_type=\"text-editor.default\">\n\t\t\t\t\t\t\t\t\t<p style=\"font-family: 'Cinzel', sans-serif;\">\u2728 Uzdrawianie cia\u0142a \u2014 powr\u00f3t do naturalnej r\u00f3wnowagi<\/p><p data-start=\"1376\" data-end=\"1537\">Cia\u0142o zawsze m\u00f3wi prawd\u0119. Przechowuje emocje, kt\u00f3rych nie wyrazili\u015bmy, stresy, kt\u00f3rych nie zneutralizowali\u015bmy, i do\u015bwiadczenia, kt\u00f3rych nie zd\u0105\u017cyli\u015bmy zrozumie\u0107.<\/p><p data-start=\"1539\" data-end=\"1549\">W sesji:<\/p><ul data-start=\"1550\" data-end=\"1784\"><li data-start=\"1550\" data-end=\"1607\"><p data-start=\"1552\" data-end=\"1607\">odczytujemy energetyczne obci\u0105\u017cenia zapisane w ciele,<\/p><\/li><li data-start=\"1608\" data-end=\"1665\"><p data-start=\"1610\" data-end=\"1665\">pracujemy z pami\u0119ci\u0105 kom\u00f3rkow\u0105 i ukrytymi napi\u0119ciami,<\/p><\/li><li data-start=\"1666\" data-end=\"1739\"><p data-start=\"1668\" data-end=\"1739\">uwalniamy blokady zwi\u0105zane z chronicznym stresem, l\u0119kiem, zm\u0119czeniem,<\/p><\/li><li data-start=\"1740\" data-end=\"1784\"><p data-start=\"1742\" data-end=\"1784\">przywracamy wewn\u0119trzn\u0105 p\u0142ynno\u015b\u0107 i lekko\u015b\u0107.<\/p><p>Cia\u0142o, gdy zostanie us\u0142yszane i uznane, samo odnajduje drog\u0119 do uzdrowienia.<\/p><\/li><\/ul><p>\u00a0<\/p>\t\t\t\t\t\t\t\t<\/div>\n\t\t\t\t<\/div>\n\t\t<div class=\"elementor-element elementor-element-bdd1065 e-con-full e-flex magic-button-disabled-no e-con e-child\" data-id=\"bdd1065\" data-element_type=\"container\" data-e-type=\"container\">\n\t\t\t\t<div class=\"elementor-element elementor-element-4a34866 elementor-widget elementor-widget-text-editor\" data-id=\"4a34866\" data-element_type=\"widget\" data-e-type=\"widget\" data-widget_type=\"text-editor.default\">\n\t\t\t\t\t\t\t\t\t<p style=\"font-family: 'Cinzel', sans-serif;\"><img decoding=\"async\" class=\"emoji\" role=\"img\" draggable=\"false\" src=\"https:\/\/s.w.org\/images\/core\/emoji\/17.0.2\/svg\/2728.svg\" alt=\"\u2728\" \/> Emocje i przekonania \u2014 transformacja u \u017ar\u00f3d\u0142a<\/p><p data-start=\"1926\" data-end=\"2060\">Emocje to kompas duszy. Pokazuj\u0105, gdzie co\u015b domaga si\u0119 uwagi. Przekonania natomiast tworz\u0105 konstrukcj\u0119, przez kt\u00f3r\u0105 patrzymy na \u015bwiat.<\/p><p data-start=\"2062\" data-end=\"2072\">W sesji:<\/p><ul data-start=\"2073\" data-end=\"2347\"><li data-start=\"2073\" data-end=\"2138\"><p data-start=\"2075\" data-end=\"2138\">docieramy do niewyra\u017conych emocji i bezpiecznie je uwalniamy,<\/p><\/li><li data-start=\"2139\" data-end=\"2218\"><p data-start=\"2141\" data-end=\"2218\">zmieniamy przekonania, kt\u00f3re ograniczaj\u0105 Twoj\u0105 wolno\u015b\u0107 i poczucie warto\u015bci,<\/p><\/li><li data-start=\"2219\" data-end=\"2282\"><p data-start=\"2221\" data-end=\"2282\">transformujemy wzorce powtarzane od lat, cz\u0119sto nie\u015bwiadomie,<\/p><\/li><li data-start=\"2283\" data-end=\"2347\"><p data-start=\"2285\" data-end=\"2347\">przywracamy naturalne poczucie sprawczo\u015bci i wewn\u0119trznej mocy.<\/p><p>To proces g\u0142\u0119bokiego przeprojektowania Twojego wewn\u0119trznego systemu.<\/p><\/li><\/ul>\t\t\t\t\t\t\t\t<\/div>\n\t\t\t\t<\/div>\n\t\t<div class=\"elementor-element elementor-element-035339c e-con-full e-flex magic-button-disabled-no e-con e-child\" data-id=\"035339c\" data-element_type=\"container\" data-e-type=\"container\">\n\t\t\t\t<div class=\"elementor-element elementor-element-7b84dfd elementor-widget elementor-widget-text-editor\" data-id=\"7b84dfd\" data-element_type=\"widget\" data-e-type=\"widget\" data-widget_type=\"text-editor.default\">\n\t\t\t\t\t\t\t\t\t<p style=\"font-family: 'Cinzel', sans-serif;\"><img decoding=\"async\" class=\"emoji\" role=\"img\" draggable=\"false\" src=\"https:\/\/s.w.org\/images\/core\/emoji\/17.0.2\/svg\/2728.svg\" alt=\"\u2728\" \/> Relacje \u2014 uzdrawianie wi\u0119zi, kt\u00f3re kszta\u0142tuj\u0105 \u017cycie<\/p>\n<p data-start=\"2487\" data-end=\"2600\">Relacje s\u0105 lustrami. W nich odbija si\u0119 nasza przesz\u0142o\u015b\u0107, potrzeby, rany, t\u0119sknoty \u2014 i pragnienie bycia widzianym.<\/p>\n<p data-start=\"2602\" data-end=\"2612\">W sesji:<\/p>\n\n<ul data-start=\"2613\" data-end=\"2890\">\n \t<li data-start=\"2613\" data-end=\"2676\">\n<p data-start=\"2615\" data-end=\"2676\">odkrywamy sk\u0105d bior\u0105 si\u0119 powtarzaj\u0105ce schematy w relacjach,<\/p>\n<\/li>\n \t<li data-start=\"2677\" data-end=\"2742\">\n<p data-start=\"2679\" data-end=\"2742\">pracujemy z ranami z dzieci\u0144stwa i niespe\u0142nionymi potrzebami,<\/p>\n<\/li>\n \t<li data-start=\"2743\" data-end=\"2816\">\n<p data-start=\"2745\" data-end=\"2816\">uzdrawiamy energetyczne wi\u0119zi, kt\u00f3re nadal maj\u0105 wp\u0142yw na Twoje \u017cycie,<\/p>\n<\/li>\n \t<li data-start=\"2817\" data-end=\"2890\">\n<p data-start=\"2819\" data-end=\"2890\">otwieramy przestrze\u0144 na relacje odbudowuj\u0105c ustawienia w rodzie<\/p>\nGdy zmienia si\u0119 Twoje wn\u0119trze, zmienia si\u0119 r\u00f3wnie\u017c jako\u015b\u0107 ludzi, jakich przyci\u0105gasz.<\/p>\n<\/li>\n<\/ul>\t\t\t\t\t\t\t\t<\/div>\n\t\t\t\t<\/div>\n\t\t\t\t\t<\/div>\n\t\t\t\t<\/div>\n\t\t<div class=\"elementor-element elementor-element-95dffdc e-flex e-con-boxed magic-button-disabled-no e-con e-parent\" data-id=\"95dffdc\" data-element_type=\"container\" data-e-type=\"container\">\n\t\t\t\t\t<div class=\"e-con-inner\">\n\t\t\t\t<div class=\"elementor-element elementor-element-1dea452 elementor-widget-divider--view-line elementor-widget elementor-widget-divider\" data-id=\"1dea452\" data-element_type=\"widget\" data-e-type=\"widget\" data-widget_type=\"divider.default\">\n\t\t\t\t\t\t\t<div class=\"elementor-divider\">\n\t\t\t<span class=\"elementor-divider-separator\">\n\t\t\t\t\t\t<\/span>\n\t\t<\/div>\n\t\t\t\t\t\t<\/div>\n\t\t\t\t\t<\/div>\n\t\t\t\t<\/div>\n\t\t<div class=\"elementor-element elementor-element-2929a34 e-flex e-con-boxed magic-button-disabled-no e-con e-parent\" data-id=\"2929a34\" data-element_type=\"container\" data-e-type=\"container\">\n\t\t\t\t\t<div class=\"e-con-inner\">\n\t\t<div class=\"elementor-element elementor-element-a2b7b60 e-con-full e-flex magic-button-disabled-no e-con e-child\" data-id=\"a2b7b60\" data-element_type=\"container\" data-e-type=\"container\">\n\t\t\t\t<div class=\"elementor-element elementor-element-b3efda7 elementor-widget elementor-widget-text-editor\" data-id=\"b3efda7\" data-element_type=\"widget\" data-e-type=\"widget\" data-widget_type=\"text-editor.default\">\n\t\t\t\t\t\t\t\t\t<p style=\"font-family: 'Cinzel', sans-serif;\">\u2728 Genetyka i zapis rodowy \u2014 uwalnianie historii, kt\u00f3re nie s\u0105 Twoje<\/p><p data-start=\"3060\" data-end=\"3236\">Wiele z naszych reakcji, l\u0119k\u00f3w czy przekona\u0144 nie pochodzi z naszego do\u015bwiadczenia. To energia rodu \u2014 pami\u0119\u0107 przekazywana cz\u0119sto z pokolenia na pokolenie, a\u017c kto\u015b zatrzyma cykl.<\/p><p data-start=\"3238\" data-end=\"3248\">W sesji:<\/p><ul data-start=\"3249\" data-end=\"3461\"><li data-start=\"3249\" data-end=\"3303\"><p data-start=\"3251\" data-end=\"3303\">odczytujemy wzorce rodowe zapisane w polu i w DNA,<\/p><\/li><li data-start=\"3304\" data-end=\"3356\"><p data-start=\"3306\" data-end=\"3356\">ujawniamy nie\u015bwiadome lojalno\u015bci wobec przodk\u00f3w,<\/p><\/li><li data-start=\"3357\" data-end=\"3415\"><p data-start=\"3359\" data-end=\"3415\">uwalniamy traumy rodu, kt\u00f3re wp\u0142ywaj\u0105 na Twoje wybory,<\/p><\/li><li data-start=\"3416\" data-end=\"3461\"><p data-start=\"3418\" data-end=\"3461\">wzmacniamy zasoby, dary i m\u0105dro\u015b\u0107 przodk\u00f3w.<\/p><p>To proces odzyskiwania wolno\u015bci od historii, kt\u00f3re nie musz\u0105 by\u0107 Twoj\u0105 przysz\u0142o\u015bci\u0105.<\/p><\/li><\/ul>\t\t\t\t\t\t\t\t<\/div>\n\t\t\t\t<\/div>\n\t\t<div class=\"elementor-element elementor-element-a0def76 e-con-full e-flex magic-button-disabled-no e-con e-child\" data-id=\"a0def76\" data-element_type=\"container\" data-e-type=\"container\">\n\t\t\t\t<div class=\"elementor-element elementor-element-fb17cbd elementor-widget elementor-widget-text-editor\" data-id=\"fb17cbd\" data-element_type=\"widget\" data-e-type=\"widget\" data-widget_type=\"text-editor.default\">\n\t\t\t\t\t\t\t\t\t<p style=\"font-family: 'Cinzel', sans-serif;\">\u2728 Historia Duszy \u2014 integracja tego, co by\u0142o, aby stworzy\u0107 to, co b\u0119dzie<\/p><p data-start=\"3635\" data-end=\"3793\">Twoja dusza pami\u0119ta wi\u0119cej, ni\u017c mo\u017cesz \u015bwiadomie obj\u0105\u0107. Odciski dawnych r\u00f3l, karmicznych relacji czy niezako\u0144czonych historii cz\u0119sto wp\u0142ywaj\u0105 na obecne \u017cycie.<\/p><p data-start=\"3795\" data-end=\"3805\">W sesji:<\/p><ul data-start=\"3806\" data-end=\"4071\"><li data-start=\"3806\" data-end=\"3881\"><p data-start=\"3808\" data-end=\"3881\">docieramy do \u015blad\u00f3w przesz\u0142ych wciele\u0144 lub g\u0142\u0119bokich do\u015bwiadcze\u0144 duszy,<\/p><\/li><li data-start=\"3882\" data-end=\"3946\"><p data-start=\"3884\" data-end=\"3946\">uzdrawiamy miejsca, w kt\u00f3rych energia utkn\u0119\u0142a w przesz\u0142o\u015bci,<\/p><\/li><li data-start=\"3947\" data-end=\"3996\"><p data-start=\"3949\" data-end=\"3996\">integrujemy lekcje i dary z dawnych historii,<\/p><\/li><li data-start=\"3997\" data-end=\"4071\"><p data-start=\"3999\" data-end=\"4071\">harmonizujemy \u015bcie\u017ck\u0119 duszy, aby mog\u0142a swobodnie wyra\u017ca\u0107 si\u0119 tu i teraz.<\/p><p>To jak odzyskanie cz\u0119\u015bci siebie, kt\u00f3re by\u0142y rozproszone w czasie.<\/p><\/li><\/ul>\t\t\t\t\t\t\t\t<\/div>\n\t\t\t\t<\/div>\n\t\t<div class=\"elementor-element elementor-element-05020eb e-con-full e-flex magic-button-disabled-no e-con e-child\" data-id=\"05020eb\" data-element_type=\"container\" data-e-type=\"container\">\n\t\t\t\t<div class=\"elementor-element elementor-element-599e5d5 elementor-widget elementor-widget-image\" data-id=\"599e5d5\" data-element_type=\"widget\" data-e-type=\"widget\" data-widget_type=\"image.default\">\n\t\t\t\t\t\t\t\t\t\t\t\t\t\t\t<img loading=\"lazy\" decoding=\"async\" width=\"640\" height=\"426\" src=\"https:\/\/www.sylwiasliwka.pl\/wp-content\/uploads\/2026\/03\/relaks-z-herbata.jpg\" class=\"attachment-large size-large wp-image-2077\" alt=\"\" srcset=\"https:\/\/www.sylwiasliwka.pl\/wp-content\/uploads\/2026\/03\/relaks-z-herbata.jpg 640w, https:\/\/www.sylwiasliwka.pl\/wp-content\/uploads\/2026\/03\/relaks-z-herbata-300x200.jpg 300w, https:\/\/www.sylwiasliwka.pl\/wp-content\/uploads\/2026\/03\/relaks-z-herbata-600x399.jpg 600w\" sizes=\"auto, (max-width: 640px) 100vw, 640px\" \/>\t\t\t\t\t\t\t\t\t\t\t\t\t\t\t<\/div>\n\t\t\t\t<div class=\"elementor-element elementor-element-dc7eade elementor-widget elementor-widget-heading\" data-id=\"dc7eade\" data-element_type=\"widget\" data-e-type=\"widget\" data-widget_type=\"heading.default\">\n\t\t\t\t\t<h2 class=\"elementor-heading-title elementor-size-default\">Inwestycja w siebie<\/h2>\t\t\t\t<\/div>\n\t\t\t\t<div class=\"elementor-element elementor-element-ed11a23 elementor-align-justify elementor-widget elementor-widget-button\" data-id=\"ed11a23\" data-element_type=\"widget\" data-e-type=\"widget\" data-widget_type=\"button.default\">\n\t\t\t\t\t\t\t\t\t\t<a class=\"elementor-button elementor-button-link elementor-size-sm\" href=\"https:\/\/umawiaj.myclients.io\/site\/5887879ace926181\/online-scheduling?service=6ezyheperlti4gtt\">\n\t\t\t\t\t\t<span class=\"elementor-button-content-wrapper\">\n\t\t\t\t\t\t\t\t\t<span class=\"elementor-button-text\">SESJA STACJONARNA <\/span>\n\t\t\t\t\t<\/span>\n\t\t\t\t\t<\/a>\n\t\t\t\t\t\t\t\t<\/div>\n\t\t\t\t<div class=\"elementor-element elementor-element-13a2bdf elementor-widget elementor-widget-text-editor\" data-id=\"13a2bdf\" data-element_type=\"widget\" data-e-type=\"widget\" data-widget_type=\"text-editor.default\">\n\t\t\t\t\t\t\t\t\t<p>45 MINUT \/ 300 PLN<\/p>\t\t\t\t\t\t\t\t<\/div>\n\t\t\t\t<div class=\"elementor-element elementor-element-51d8a20 elementor-align-justify elementor-widget elementor-widget-button\" data-id=\"51d8a20\" data-element_type=\"widget\" data-e-type=\"widget\" data-widget_type=\"button.default\">\n\t\t\t\t\t\t\t\t\t\t<a class=\"elementor-button elementor-button-link elementor-size-sm\" href=\"https:\/\/umawiaj.myclients.io\/site\/5887879ace926181\/online-scheduling?service=tq3akjd1sw6kodui\">\n\t\t\t\t\t\t<span class=\"elementor-button-content-wrapper\">\n\t\t\t\t\t\t\t\t\t<span class=\"elementor-button-text\">SESJA ONLINE<\/span>\n\t\t\t\t\t<\/span>\n\t\t\t\t\t<\/a>\n\t\t\t\t\t\t\t\t<\/div>\n\t\t\t\t<div class=\"elementor-element elementor-element-9621db2 elementor-widget elementor-widget-text-editor\" data-id=\"9621db2\" data-element_type=\"widget\" data-e-type=\"widget\" data-widget_type=\"text-editor.default\">\n\t\t\t\t\t\t\t\t\t<p>45 MINUT \/ 300 PLN<\/p>\t\t\t\t\t\t\t\t<\/div>\n\t\t\t\t<div class=\"elementor-element elementor-element-ac5ee73 elementor-align-justify elementor-widget elementor-widget-button\" data-id=\"ac5ee73\" data-element_type=\"widget\" data-e-type=\"widget\" data-widget_type=\"button.default\">\n\t\t\t\t\t\t\t\t\t\t<a class=\"elementor-button elementor-button-link elementor-size-sm\" href=\"https:\/\/umawiaj.myclients.io\/site\/5887879ace926181\/online-scheduling?service=9fnfxinxt83a3zqh\">\n\t\t\t\t\t\t<span class=\"elementor-button-content-wrapper\">\n\t\t\t\t\t\t\t\t\t<span class=\"elementor-button-text\">PAKIET SESJA STACJONARNA <\/span>\n\t\t\t\t\t<\/span>\n\t\t\t\t\t<\/a>\n\t\t\t\t\t\t\t\t<\/div>\n\t\t\t\t<div class=\"elementor-element elementor-element-d923e0f elementor-widget elementor-widget-text-editor\" data-id=\"d923e0f\" data-element_type=\"widget\" data-e-type=\"widget\" data-widget_type=\"text-editor.default\">\n\t\t\t\t\t\t\t\t\t<p>3 X 45 MINUT \/ 790 PLN<\/p>\t\t\t\t\t\t\t\t<\/div>\n\t\t\t\t<div class=\"elementor-element elementor-element-63e9788 elementor-align-justify elementor-widget elementor-widget-button\" data-id=\"63e9788\" data-element_type=\"widget\" data-e-type=\"widget\" data-widget_type=\"button.default\">\n\t\t\t\t\t\t\t\t\t\t<a class=\"elementor-button elementor-button-link elementor-size-sm\" href=\"https:\/\/umawiaj.myclients.io\/site\/5887879ace926181\/online-scheduling?service=gyfnrl3inmze5rt9\">\n\t\t\t\t\t\t<span class=\"elementor-button-content-wrapper\">\n\t\t\t\t\t\t\t\t\t<span class=\"elementor-button-text\">PAKIET SESJA ONLINE<\/span>\n\t\t\t\t\t<\/span>\n\t\t\t\t\t<\/a>\n\t\t\t\t\t\t\t\t<\/div>\n\t\t\t\t<div class=\"elementor-element elementor-element-7b76424 elementor-widget elementor-widget-text-editor\" data-id=\"7b76424\" data-element_type=\"widget\" data-e-type=\"widget\" data-widget_type=\"text-editor.default\">\n\t\t\t\t\t\t\t\t\t<p>3 X 45 MINUT \/ 790 PLN<\/p>\t\t\t\t\t\t\t\t<\/div>\n\t\t\t\t<\/div>\n\t\t\t\t\t<\/div>\n\t\t\t\t<\/div>\n\t\t<div class=\"elementor-element elementor-element-c24428d e-flex e-con-boxed magic-button-disabled-no e-con e-parent\" data-id=\"c24428d\" data-element_type=\"container\" data-e-type=\"container\">\n\t\t\t\t\t<div class=\"e-con-inner\">\n\t\t\t\t<div class=\"elementor-element elementor-element-921878a elementor-widget-divider--view-line elementor-widget elementor-widget-divider\" data-id=\"921878a\" data-element_type=\"widget\" data-e-type=\"widget\" data-widget_type=\"divider.default\">\n\t\t\t\t\t\t\t<div class=\"elementor-divider\">\n\t\t\t<span class=\"elementor-divider-separator\">\n\t\t\t\t\t\t<\/span>\n\t\t<\/div>\n\t\t\t\t\t\t<\/div>\n\t\t\t\t\t<\/div>\n\t\t\t\t<\/div>\n\t\t\t\t<\/div>\n\t\t","protected":false},"excerpt":{"rendered":"<p>transpersonalna podr\u00f3\u017c do pe\u0142ni siebie G\u0142\u0119bokie uzdrawianie cia\u0142a, emocji, przekona\u0144, relacji,genetyki i historii Sesja &#8211; moment, w kt\u00f3rym mo\u017cesz spotka\u0107 si\u0119 ze sob\u0105 na najg\u0142\u0119bszym poziomie i \u015bwiadomie przebudowa\u0107 te obszary \u017cycia, kt\u00f3re domagaj\u0105 si\u0119 uzdrowienia. Pracujemy holistycznie, \u0142\u0105cz\u0105c \u015bwiadomo\u015b\u0107, energi\u0119, emocje i pami\u0119\u0107 cia\u0142a, aby dotrze\u0107 do przyczyn blokad oraz otworzy\u0107 drog\u0119 do prawdziwej&hellip;<\/p>\n","protected":false},"author":1,"featured_media":0,"parent":0,"menu_order":0,"comment_status":"closed","ping_status":"open","template":"templates\/template-no-sidebar.php","meta":{"footnotes":""},"class_list":["post-305","page","type-page","status-publish","hentry"],"jetpack_sharing_enabled":true,"_links":{"self":[{"href":"https:\/\/www.sylwiasliwka.pl\/index.php\/wp-json\/wp\/v2\/pages\/305","targetHints":{"allow":["GET"]}}],"collection":[{"href":"https:\/\/www.sylwiasliwka.pl\/index.php\/wp-json\/wp\/v2\/pages"}],"about":[{"href":"https:\/\/www.sylwiasliwka.pl\/index.php\/wp-json\/wp\/v2\/types\/page"}],"author":[{"embeddable":true,"href":"https:\/\/www.sylwiasliwka.pl\/index.php\/wp-json\/wp\/v2\/users\/1"}],"replies":[{"embeddable":true,"href":"https:\/\/www.sylwiasliwka.pl\/index.php\/wp-json\/wp\/v2\/comments?post=305"}],"version-history":[{"count":98,"href":"https:\/\/www.sylwiasliwka.pl\/index.php\/wp-json\/wp\/v2\/pages\/305\/revisions"}],"predecessor-version":[{"id":2080,"href":"https:\/\/www.sylwiasliwka.pl\/index.php\/wp-json\/wp\/v2\/pages\/305\/revisions\/2080"}],"wp:attachment":[{"href":"https:\/\/www.sylwiasliwka.pl\/index.php\/wp-json\/wp\/v2\/media?parent=305"}],"curies":[{"name":"wp","href":"https:\/\/api.w.org\/{rel}","templated":true}]}}