{"id":1851,"date":"2026-03-24T09:50:34","date_gmt":"2026-03-24T08:50:34","guid":{"rendered":"https:\/\/www.sylwiasliwka.pl\/?page_id=1851"},"modified":"2026-03-29T19:03:44","modified_gmt":"2026-03-29T17:03:44","slug":"kurs-2","status":"publish","type":"page","link":"https:\/\/www.sylwiasliwka.pl\/index.php\/kurs-2\/","title":{"rendered":"NeuroArt Youth"},"content":{"rendered":"\t\t<div data-elementor-type=\"wp-page\" data-elementor-id=\"1851\" class=\"elementor elementor-1851\" data-elementor-post-type=\"page\">\n\t\t\t\t<div class=\"elementor-element elementor-element-a263565 e-flex e-con-boxed magic-button-disabled-no e-con e-parent\" data-id=\"a263565\" data-element_type=\"container\" data-e-type=\"container\">\n\t\t\t\t\t<div class=\"e-con-inner\">\n\t\t<div class=\"elementor-element elementor-element-cde06cc e-con-full e-flex magic-button-disabled-no e-con e-child\" data-id=\"cde06cc\" data-element_type=\"container\" data-e-type=\"container\">\n\t\t\t\t<div class=\"elementor-element elementor-element-617b8ef elementor-widget elementor-widget-heading\" data-id=\"617b8ef\" data-element_type=\"widget\" data-e-type=\"widget\" data-widget_type=\"heading.default\">\n\t\t\t\t\t<h2 class=\"elementor-heading-title elementor-size-default\">Break the Pattern<\/h2>\t\t\t\t<\/div>\n\t\t\t\t<div class=\"elementor-element elementor-element-d40c893 elementor-widget elementor-widget-text-editor\" data-id=\"d40c893\" data-element_type=\"widget\" data-e-type=\"widget\" data-widget_type=\"text-editor.default\">\n\t\t\t\t\t\t\t\t\t<p data-start=\"250\" data-end=\"332\"><strong data-start=\"250\" data-end=\"332\">Warsztat dla m\u0142odzie\u017cy, kt\u00f3ra czuje za du\u017co\u2026 i nie zawsze wie,<br \/>co z tym zrobi\u0107<\/strong><\/p><p data-start=\"334\" data-end=\"491\">Twoje dziecko si\u0119 wycofuje?<br data-start=\"361\" data-end=\"364\" \/>Ma trudno\u015b\u0107 z emocjami, stresem, presj\u0105 szko\u0142y albo relacjami?<br data-start=\"426\" data-end=\"429\" \/>A mo\u017ce m\u00f3wi \u201ewszystko okej\u201d, ale czujesz, \u017ce co\u015b jest nie tak?<\/p><p data-start=\"493\" data-end=\"578\">Ten warsztat powsta\u0142, \u017ceby da\u0107 m\u0142odym ludziom przestrze\u0144, kt\u00f3rej cz\u0119sto dzi\u015b brakuje.<\/p><p data-start=\"610\" data-end=\"697\">Nie musisz m\u00f3wi\u0107 o wszystkim.<br data-start=\"639\" data-end=\"642\" \/>Nie musisz si\u0119 t\u0142umaczy\u0107.<br data-start=\"667\" data-end=\"670\" \/>Nie musisz by\u0107 \u201eogarni\u0119ty\u201d.<\/p><p data-start=\"699\" data-end=\"732\">Tu mo\u017cesz po prostu <strong data-start=\"719\" data-end=\"731\">by\u0107 sob\u0105<\/strong>.<\/p><p data-start=\"734\" data-end=\"777\">Poprzez rysunek neurolinii i prac\u0119 tw\u00f3rcz\u0105:<\/p><ul data-start=\"778\" data-end=\"890\"><li data-section-id=\"pbdbgz\" data-start=\"778\" data-end=\"809\">wyrzucisz z siebie napi\u0119cie<\/li><li data-section-id=\"14xznv0\" data-start=\"810\" data-end=\"830\">pouk\u0142adasz my\u015bli<\/li><li data-section-id=\"elur0a\" data-start=\"831\" data-end=\"849\">poczujesz ulg\u0119<\/li><li data-section-id=\"11106fg\" data-start=\"850\" data-end=\"890\">zobaczysz, \u017ce mo\u017cna inaczej reagowa\u0107<\/li><\/ul><p data-start=\"892\" data-end=\"998\">To nie jest szko\u0142a.<br data-start=\"911\" data-end=\"914\" \/>To nie jest terapia \u201eprzy biurku\u201d.<br data-start=\"948\" data-end=\"951\" \/>To jest <strong data-start=\"959\" data-end=\"997\">proces, kt\u00f3ry naprawd\u0119 co\u015b zmienia<\/strong>.<\/p><p data-start=\"629\" data-end=\"923\">Spontaniczna, p\u0142ynna linia, kt\u00f3ra pomaga omin\u0105\u0107 kontrol\u0119 \u015bwiadomego umys\u0142u i dotrze\u0107 do g\u0142\u0119bszych struktur psychiki. Tu nie pracujemy tylko na poziomie my\u015blenia. Pracujemy poprzez cia\u0142o, ruch i obraz \u2014 czyli tam, gdzie naprawd\u0119 zapisane s\u0105 nasze reakcje.<\/p>\t\t\t\t\t\t\t\t<\/div>\n\t\t\t\t<\/div>\n\t\t<div class=\"elementor-element elementor-element-935d0ff e-con-full e-flex magic-button-disabled-no e-con e-child\" data-id=\"935d0ff\" data-element_type=\"container\" data-e-type=\"container\">\n\t\t\t\t<div class=\"elementor-element elementor-element-d088e59 elementor-widget elementor-widget-heading\" data-id=\"d088e59\" data-element_type=\"widget\" data-e-type=\"widget\" data-widget_type=\"heading.default\">\n\t\t\t\t\t<h2 class=\"elementor-heading-title elementor-size-default\">Cel warsztat\u00f3w <\/h2>\t\t\t\t<\/div>\n\t\t\t\t<div class=\"elementor-element elementor-element-ffa0a29 elementor-widget elementor-widget-text-editor\" data-id=\"ffa0a29\" data-element_type=\"widget\" data-e-type=\"widget\" data-widget_type=\"text-editor.default\">\n\t\t\t\t\t\t\t\t\t<ul><li data-section-id=\"1ogx9ir\" data-start=\"1075\" data-end=\"1140\"><p data-start=\"1025\" data-end=\"1049\">Warsztat \u0142\u0105czy elementy:<\/p><ul data-start=\"1050\" data-end=\"1197\"><li data-section-id=\"i1uz73\" data-start=\"1050\" data-end=\"1095\">arteterapii (bezpieczne wyra\u017canie emocji)<\/li><li data-section-id=\"vw31n9\" data-start=\"1096\" data-end=\"1148\">pracy z neurolini\u0105 (regulacja napi\u0119cia i stresu)<\/li><li data-section-id=\"vw31n9\" data-start=\"1096\" data-end=\"1148\">neurokompozycja &#8211; kolor i forma\u00a0<\/li><li data-section-id=\"55b5ci\" data-start=\"1149\" data-end=\"1197\">psychologii (rozpoznawanie i zmiana schemat\u00f3w)<\/li><\/ul><p data-start=\"1199\" data-end=\"1223\">\u00a0<\/p><\/li><li data-section-id=\"1ogx9ir\" data-start=\"1075\" data-end=\"1140\"><p data-start=\"1199\" data-end=\"1223\">Dzi\u0119ki temu m\u0142oda osoba:<\/p><ul data-start=\"1224\" data-end=\"1376\"><li data-section-id=\"lt2xy6\" data-start=\"1224\" data-end=\"1260\">uczy si\u0119 radzi\u0107 sobie z emocjami<\/li><li data-section-id=\"z5eja6\" data-start=\"1261\" data-end=\"1301\">roz\u0142adowuje napi\u0119cie w zdrowy spos\u00f3b<\/li><li data-section-id=\"1m0gqfk\" data-start=\"1302\" data-end=\"1335\">wzmacnia poczucie sprawczo\u015bci<\/li><li data-section-id=\"1untbii\" data-start=\"1336\" data-end=\"1376\">do\u015bwiadcza akceptacji, bez oceniania<\/li><\/ul><p data-start=\"1378\" data-end=\"1446\">To wsparcie, kt\u00f3re dzia\u0142a poprzez do\u015bwiadczenie \u2014 nie tylko rozmow\u0119.<\/p><\/li><\/ul>\t\t\t\t\t\t\t\t<\/div>\n\t\t\t\t<\/div>\n\t\t\t\t\t<\/div>\n\t\t\t\t<\/div>\n\t\t<div class=\"elementor-element elementor-element-2391497 e-flex e-con-boxed magic-button-disabled-no e-con e-parent\" data-id=\"2391497\" data-element_type=\"container\" data-e-type=\"container\">\n\t\t\t\t\t<div class=\"e-con-inner\">\n\t\t\t\t<div class=\"elementor-element elementor-element-a984ae1 elementor-widget-divider--view-line elementor-widget elementor-widget-divider\" data-id=\"a984ae1\" data-element_type=\"widget\" data-e-type=\"widget\" data-widget_type=\"divider.default\">\n\t\t\t\t\t\t\t<div class=\"elementor-divider\">\n\t\t\t<span class=\"elementor-divider-separator\">\n\t\t\t\t\t\t<\/span>\n\t\t<\/div>\n\t\t\t\t\t\t<\/div>\n\t\t\t\t\t<\/div>\n\t\t\t\t<\/div>\n\t\t<div class=\"elementor-element elementor-element-8ac1a1a e-flex e-con-boxed magic-button-disabled-no e-con e-parent\" data-id=\"8ac1a1a\" data-element_type=\"container\" data-e-type=\"container\">\n\t\t\t\t\t<div class=\"e-con-inner\">\n\t\t<div class=\"elementor-element elementor-element-9e3b5d7 e-con-full e-flex magic-button-disabled-no e-con e-child\" data-id=\"9e3b5d7\" data-element_type=\"container\" data-e-type=\"container\">\n\t\t\t\t<div class=\"elementor-element elementor-element-fed7d7d elementor-widget elementor-widget-image\" data-id=\"fed7d7d\" data-element_type=\"widget\" data-e-type=\"widget\" data-widget_type=\"image.default\">\n\t\t\t\t\t\t\t\t\t\t\t\t\t\t\t<img loading=\"lazy\" decoding=\"async\" width=\"847\" height=\"796\" src=\"https:\/\/www.sylwiasliwka.pl\/wp-content\/uploads\/2025\/12\/KURS-15-1-1024x962.png\" class=\"attachment-large size-large wp-image-1382\" alt=\"\" srcset=\"https:\/\/www.sylwiasliwka.pl\/wp-content\/uploads\/2025\/12\/KURS-15-1-1024x962.png 1024w, https:\/\/www.sylwiasliwka.pl\/wp-content\/uploads\/2025\/12\/KURS-15-1-300x282.png 300w, https:\/\/www.sylwiasliwka.pl\/wp-content\/uploads\/2025\/12\/KURS-15-1-768x722.png 768w, https:\/\/www.sylwiasliwka.pl\/wp-content\/uploads\/2025\/12\/KURS-15-1-600x564.png 600w, https:\/\/www.sylwiasliwka.pl\/wp-content\/uploads\/2025\/12\/KURS-15-1.png 1080w\" sizes=\"auto, (max-width: 847px) 100vw, 847px\" \/>\t\t\t\t\t\t\t\t\t\t\t\t\t\t\t<\/div>\n\t\t\t\t<\/div>\n\t\t<div class=\"elementor-element elementor-element-5ddf92d e-con-full e-flex magic-button-disabled-no e-con e-child\" data-id=\"5ddf92d\" data-element_type=\"container\" data-e-type=\"container\">\n\t\t\t\t<div class=\"elementor-element elementor-element-55c444a elementor-widget elementor-widget-heading\" data-id=\"55c444a\" data-element_type=\"widget\" data-e-type=\"widget\" data-widget_type=\"heading.default\">\n\t\t\t\t\t<h2 class=\"elementor-heading-title elementor-size-default\">Dlaczego NeuroArt Switch<\/h2>\t\t\t\t<\/div>\n\t\t\t\t<div class=\"elementor-element elementor-element-1146710 elementor-widget elementor-widget-text-editor\" data-id=\"1146710\" data-element_type=\"widget\" data-e-type=\"widget\" data-widget_type=\"text-editor.default\">\n\t\t\t\t\t\t\t\t\t<p data-start=\"1684\" data-end=\"1798\">\u00a0<\/p><p data-start=\"1684\" data-end=\"1798\">Bo m\u0142odzi ludzie cz\u0119sto nie chc\u0105 (lub nie potrafi\u0105) m\u00f3wi\u0107 wprost.<br data-start=\"1749\" data-end=\"1752\" \/>Ale potrafi\u0105 wyra\u017ca\u0107 siebie poprzez dzia\u0142anie.<\/p><p data-start=\"1800\" data-end=\"1898\"><strong data-start=\"1800\" data-end=\"1898\">Neurolinia i arteterapia omijaj\u0105 blokady \u2014 i docieraj\u0105 tam, gdzie naprawd\u0119 zaczyna si\u0119 zmiana.<\/strong><\/p><p data-start=\"1800\" data-end=\"1898\">Spotkanie w kameralnych grupach 4 osobowych z mo\u017cliwo\u015bci\u0105 zaj\u0119\u0107 indywidualnych po wcze\u015bniejszej konsultacji.<\/p>\t\t\t\t\t\t\t\t<\/div>\n\t\t\t\t<\/div>\n\t\t\t\t\t<\/div>\n\t\t\t\t<\/div>\n\t\t<div class=\"elementor-element elementor-element-60f0078 e-flex e-con-boxed magic-button-disabled-no e-con e-parent\" data-id=\"60f0078\" data-element_type=\"container\" data-e-type=\"container\">\n\t\t\t\t\t<div class=\"e-con-inner\">\n\t\t<div class=\"elementor-element elementor-element-970513f e-con-full e-flex magic-button-disabled-no e-con e-child\" data-id=\"970513f\" data-element_type=\"container\" data-e-type=\"container\">\n\t\t\t\t<div class=\"elementor-element elementor-element-ec0b58d elementor-widget elementor-widget-text-editor\" data-id=\"ec0b58d\" data-element_type=\"widget\" data-e-type=\"widget\" data-widget_type=\"text-editor.default\">\n\t\t\t\t\t\t\t\t\t<p>materia\u0142y oraz cz\u0119\u015b\u0107 koszt\u00f3w&nbsp; zosta\u0142y pokryte dzi\u0119ki naszym sponsorom programu<\/p>\t\t\t\t\t\t\t\t<\/div>\n\t\t\t\t<\/div>\n\t\t<div class=\"elementor-element elementor-element-fce4d81 e-con-full e-flex magic-button-disabled-no e-con e-child\" data-id=\"fce4d81\" data-element_type=\"container\" data-e-type=\"container\">\n\t\t\t\t<div class=\"elementor-element elementor-element-8394804 elementor-widget elementor-widget-text-editor\" data-id=\"8394804\" data-element_type=\"widget\" data-e-type=\"widget\" data-widget_type=\"text-editor.default\">\n\t\t\t\t\t\t\t\t\tkoszt programu 500 PLN<br\/>\n\nco daje nam 4 spotkania<br\/>\nraz w tygodniu\t\t\t\t\t\t\t\t<\/div>\n\t\t\t\t<\/div>\n\t\t<div class=\"elementor-element elementor-element-0177fad e-con-full e-flex magic-button-disabled-no e-con e-child\" data-id=\"0177fad\" data-element_type=\"container\" data-e-type=\"container\">\n\t\t\t\t<div class=\"elementor-element elementor-element-3ead7ea elementor-widget elementor-widget-text-editor\" data-id=\"3ead7ea\" data-element_type=\"widget\" data-e-type=\"widget\" data-widget_type=\"text-editor.default\">\n\t\t\t\t\t\t\t\t\t<p>I grupa &#8211; Zapisy zamkni\u0119te<\/p><p>II Grupa- Zapisy zamkni\u0119te<\/p>\t\t\t\t\t\t\t\t<\/div>\n\t\t\t\t<\/div>\n\t\t\t\t\t<\/div>\n\t\t\t\t<\/div>\n\t\t<div class=\"elementor-element elementor-element-6212dfa e-flex e-con-boxed magic-button-disabled-no e-con e-parent\" data-id=\"6212dfa\" data-element_type=\"container\" data-e-type=\"container\">\n\t\t\t\t\t<div class=\"e-con-inner\">\n\t\t\t\t<div class=\"elementor-element elementor-element-0b37866 elementor-widget-divider--view-line elementor-widget elementor-widget-divider\" data-id=\"0b37866\" data-element_type=\"widget\" data-e-type=\"widget\" data-widget_type=\"divider.default\">\n\t\t\t\t\t\t\t<div class=\"elementor-divider\">\n\t\t\t<span class=\"elementor-divider-separator\">\n\t\t\t\t\t\t<\/span>\n\t\t<\/div>\n\t\t\t\t\t\t<\/div>\n\t\t\t\t\t<\/div>\n\t\t\t\t<\/div>\n\t\t<div class=\"elementor-element elementor-element-d4b273a e-flex e-con-boxed magic-button-disabled-no e-con e-parent\" data-id=\"d4b273a\" data-element_type=\"container\" data-e-type=\"container\">\n\t\t\t\t\t<div class=\"e-con-inner\">\n\t\t<div class=\"elementor-element elementor-element-4478f11 e-con-full e-flex magic-button-disabled-no e-con e-child\" data-id=\"4478f11\" data-element_type=\"container\" data-e-type=\"container\">\n\t\t\t\t<div class=\"elementor-element elementor-element-c28463b elementor-widget elementor-widget-heading\" data-id=\"c28463b\" data-element_type=\"widget\" data-e-type=\"widget\" data-widget_type=\"heading.default\">\n\t\t\t\t\t<h2 class=\"elementor-heading-title elementor-size-default\">SPOTKANIE 1: RESET \u2013 wyrzucenie napi\u0119cia<\/h2>\t\t\t\t<\/div>\n\t\t\t\t<div class=\"elementor-element elementor-element-99583a5 elementor-widget elementor-widget-text-editor\" data-id=\"99583a5\" data-element_type=\"widget\" data-e-type=\"widget\" data-widget_type=\"text-editor.default\">\n\t\t\t\t\t\t\t\t\t<p data-start=\"449\" data-end=\"493\"><strong data-start=\"449\" data-end=\"457\">Cel:<\/strong> obni\u017cenie stresu i wej\u015bcie w proces<\/p><p data-start=\"495\" data-end=\"508\"><strong data-start=\"495\" data-end=\"508\">Przebieg:<\/strong><\/p><ul data-start=\"509\" data-end=\"716\"><li data-section-id=\"1rwrzb3\" data-start=\"509\" data-end=\"569\">kr\u00f3tkie wprowadzenie do neurolini<\/li><li data-section-id=\"w3sf4a\" data-start=\"570\" data-end=\"623\">rysunek swobodnej neurolinii (chaos \u2192 uwolnienie)<\/li><li data-section-id=\"1eq1hgf\" data-start=\"624\" data-end=\"664\">praca kolorem (emocje bez nazywania)<\/li><li data-section-id=\"16uade2\" data-start=\"665\" data-end=\"716\">kr\u00f3tkie podsumowanie\u00a0<\/li><\/ul>\t\t\t\t\t\t\t\t<\/div>\n\t\t\t\t<\/div>\n\t\t<div class=\"elementor-element elementor-element-21f8870 e-con-full e-flex magic-button-disabled-no e-con e-child\" data-id=\"21f8870\" data-element_type=\"container\" data-e-type=\"container\">\n\t\t\t\t<div class=\"elementor-element elementor-element-d0c7a8c elementor-widget elementor-widget-heading\" data-id=\"d0c7a8c\" data-element_type=\"widget\" data-e-type=\"widget\" data-widget_type=\"heading.default\">\n\t\t\t\t\t<h2 class=\"elementor-heading-title elementor-size-default\">SPOTKANIE 2: EMOCJE<\/h2>\t\t\t\t<\/div>\n\t\t\t\t<div class=\"elementor-element elementor-element-6e2851c elementor-widget elementor-widget-heading\" data-id=\"6e2851c\" data-element_type=\"widget\" data-e-type=\"widget\" data-widget_type=\"heading.default\">\n\t\t\t\t\t<h2 class=\"elementor-heading-title elementor-size-default\"> co siedzi w \u015brodku<\/h2>\t\t\t\t<\/div>\n\t\t\t\t<div class=\"elementor-element elementor-element-02ae325 elementor-widget elementor-widget-text-editor\" data-id=\"02ae325\" data-element_type=\"widget\" data-e-type=\"widget\" data-widget_type=\"text-editor.default\">\n\t\t\t\t\t\t\t\t\t<p data-start=\"826\" data-end=\"865\"><strong data-start=\"826\" data-end=\"834\">Cel:<\/strong> rozpoznanie i wyra\u017cenie emocji<\/p><p data-start=\"867\" data-end=\"880\"><strong data-start=\"867\" data-end=\"880\">Przebieg:<\/strong><\/p><ul data-start=\"881\" data-end=\"1005\"><li data-section-id=\"1p8rcqg\" data-start=\"881\" data-end=\"917\">neurolinia + skupienie na emocji<\/li><li data-section-id=\"wk9g7q\" data-start=\"918\" data-end=\"969\">transformacja rysunku (zmiana napi\u0119cia w obraz)<\/li><li data-section-id=\"6ehrd9\" data-start=\"970\" data-end=\"1005\">rozmowa opcjonalna (bez przymusu)<\/li><\/ul>\t\t\t\t\t\t\t\t<\/div>\n\t\t\t\t<\/div>\n\t\t<div class=\"elementor-element elementor-element-2371f43 e-con-full e-flex magic-button-disabled-no e-con e-child\" data-id=\"2371f43\" data-element_type=\"container\" data-e-type=\"container\">\n\t\t\t\t<div class=\"elementor-element elementor-element-64f8d28 elementor-widget elementor-widget-heading\" data-id=\"64f8d28\" data-element_type=\"widget\" data-e-type=\"widget\" data-widget_type=\"heading.default\">\n\t\t\t\t\t<h2 class=\"elementor-heading-title elementor-size-default\">SPOTKANIE 3: SCHEMATY \u2013 moje automaty<\/h2>\t\t\t\t<\/div>\n\t\t\t\t<div class=\"elementor-element elementor-element-5c9f17e elementor-widget elementor-widget-text-editor\" data-id=\"5c9f17e\" data-element_type=\"widget\" data-e-type=\"widget\" data-widget_type=\"text-editor.default\">\n\t\t\t\t\t\t\t\t\t<p data-start=\"1097\" data-end=\"1138\"><strong data-start=\"1097\" data-end=\"1105\">Cel:<\/strong> zaobserwowanie i zrozumienie powtarzalnych reakcji<\/p><p data-start=\"1140\" data-end=\"1153\"><strong data-start=\"1140\" data-end=\"1153\">Przebieg:<\/strong><\/p><ul data-start=\"1154\" data-end=\"1283\"><li data-section-id=\"1ek0mpu\" data-start=\"1154\" data-end=\"1186\">rysunek \u201eMoje Ma\u0142e Ja&#8221;<\/li><li data-section-id=\"1onhejd\" data-start=\"1187\" data-end=\"1237\">identyfikacja schemat\u00f3w<\/li><li data-section-id=\"113pizt\" data-start=\"1238\" data-end=\"1283\">przekszta\u0142cenie obrazu (Moje Nowe Ja &#8211; podniesienie w\u0142asnej warto\u015bci i samozrozumienie<\/li><\/ul>\t\t\t\t\t\t\t\t<\/div>\n\t\t\t\t<\/div>\n\t\t<div class=\"elementor-element elementor-element-373c76a e-con-full e-flex magic-button-disabled-no e-con e-child\" data-id=\"373c76a\" data-element_type=\"container\" data-e-type=\"container\">\n\t\t\t\t<div class=\"elementor-element elementor-element-8464e52 elementor-widget elementor-widget-heading\" data-id=\"8464e52\" data-element_type=\"widget\" data-e-type=\"widget\" data-widget_type=\"heading.default\">\n\t\t\t\t\t<h2 class=\"elementor-heading-title elementor-size-default\">SPOTKANIE 4: MOC \u2013 zasoby i pewno\u015b\u0107 siebie<\/h2>\t\t\t\t<\/div>\n\t\t\t\t<div class=\"elementor-element elementor-element-bb93a71 elementor-widget elementor-widget-text-editor\" data-id=\"bb93a71\" data-element_type=\"widget\" data-e-type=\"widget\" data-widget_type=\"text-editor.default\">\n\t\t\t\t\t\t\t\t\t<p data-start=\"1678\" data-end=\"1719\"><strong data-start=\"1678\" data-end=\"1686\">Cel:<\/strong> wzmocnienie poczucia sprawczo\u015bci<\/p><p data-start=\"1721\" data-end=\"1734\"><strong data-start=\"1721\" data-end=\"1734\">Przebieg:<\/strong><\/p><ul data-start=\"1735\" data-end=\"1824\"><li data-section-id=\"gkbzg6\" data-start=\"1735\" data-end=\"1758\">rysunek \u201emoja si\u0142a\u201d<\/li><li data-section-id=\"11lg2zy\" data-start=\"1759\" data-end=\"1784\">praca kolorem i form\u0105<\/li><li data-section-id=\"1880zi9\" data-start=\"1785\" data-end=\"1824\">wzmocnienie pozytywnego obrazu siebie<\/li><\/ul>\t\t\t\t\t\t\t\t<\/div>\n\t\t\t\t<\/div>\n\t\t\t\t\t<\/div>\n\t\t\t\t<\/div>\n\t\t<div class=\"elementor-element elementor-element-eb80a27 e-flex e-con-boxed magic-button-disabled-no e-con e-parent\" data-id=\"eb80a27\" data-element_type=\"container\" data-e-type=\"container\">\n\t\t\t\t\t<div class=\"e-con-inner\">\n\t\t\t\t<div class=\"elementor-element elementor-element-2b50549 elementor-widget-divider--view-line elementor-widget elementor-widget-divider\" data-id=\"2b50549\" data-element_type=\"widget\" data-e-type=\"widget\" data-widget_type=\"divider.default\">\n\t\t\t\t\t\t\t<div class=\"elementor-divider\">\n\t\t\t<span class=\"elementor-divider-separator\">\n\t\t\t\t\t\t<\/span>\n\t\t<\/div>\n\t\t\t\t\t\t<\/div>\n\t\t\t\t\t<\/div>\n\t\t\t\t<\/div>\n\t\t<div class=\"elementor-element elementor-element-6e0938d e-flex e-con-boxed magic-button-disabled-no e-con e-parent\" data-id=\"6e0938d\" data-element_type=\"container\" data-e-type=\"container\">\n\t\t\t\t\t<div class=\"e-con-inner\">\n\t\t\t\t\t<\/div>\n\t\t\t\t<\/div>\n\t\t\t\t<\/div>\n\t\t","protected":false},"excerpt":{"rendered":"<p>Break the Pattern Warsztat dla m\u0142odzie\u017cy, kt\u00f3ra czuje za du\u017co\u2026 i nie zawsze wie,co z tym zrobi\u0107 Twoje dziecko si\u0119 wycofuje?Ma trudno\u015b\u0107 z emocjami, stresem, presj\u0105 szko\u0142y albo relacjami?A mo\u017ce m\u00f3wi \u201ewszystko okej\u201d, ale czujesz, \u017ce co\u015b jest nie tak? Ten warsztat powsta\u0142, \u017ceby da\u0107 m\u0142odym ludziom przestrze\u0144, kt\u00f3rej cz\u0119sto dzi\u015b brakuje. Nie musisz m\u00f3wi\u0107&hellip;<\/p>\n","protected":false},"author":1,"featured_media":0,"parent":0,"menu_order":0,"comment_status":"closed","ping_status":"open","template":"templates\/template-no-sidebar.php","meta":{"footnotes":""},"class_list":["post-1851","page","type-page","status-publish","hentry"],"jetpack_sharing_enabled":true,"_links":{"self":[{"href":"https:\/\/www.sylwiasliwka.pl\/index.php\/wp-json\/wp\/v2\/pages\/1851","targetHints":{"allow":["GET"]}}],"collection":[{"href":"https:\/\/www.sylwiasliwka.pl\/index.php\/wp-json\/wp\/v2\/pages"}],"about":[{"href":"https:\/\/www.sylwiasliwka.pl\/index.php\/wp-json\/wp\/v2\/types\/page"}],"author":[{"embeddable":true,"href":"https:\/\/www.sylwiasliwka.pl\/index.php\/wp-json\/wp\/v2\/users\/1"}],"replies":[{"embeddable":true,"href":"https:\/\/www.sylwiasliwka.pl\/index.php\/wp-json\/wp\/v2\/comments?post=1851"}],"version-history":[{"count":23,"href":"https:\/\/www.sylwiasliwka.pl\/index.php\/wp-json\/wp\/v2\/pages\/1851\/revisions"}],"predecessor-version":[{"id":2043,"href":"https:\/\/www.sylwiasliwka.pl\/index.php\/wp-json\/wp\/v2\/pages\/1851\/revisions\/2043"}],"wp:attachment":[{"href":"https:\/\/www.sylwiasliwka.pl\/index.php\/wp-json\/wp\/v2\/media?parent=1851"}],"curies":[{"name":"wp","href":"https:\/\/api.w.org\/{rel}","templated":true}]}}